{"id":2,"date":"2024-12-15T06:52:36","date_gmt":"2024-12-15T05:52:36","guid":{"rendered":"https:\/\/fandecine.moscreations.net\/?page_id=2"},"modified":"2024-12-15T07:06:47","modified_gmt":"2024-12-15T06:06:47","slug":"a-propos","status":"publish","type":"page","link":"https:\/\/fandecine.moscreations.net\/index.php\/a-propos\/","title":{"rendered":"\u00c0 propos"},"content":{"rendered":"\n<p>Bonjour \u00e0 tous,<\/p>\n\n\n\n<p>Appelez moi \u00ab\u00a0The Moss\u00a0\u00bb, un cin\u00e9phile qui appr\u00e9cie d&rsquo;\u00e9changer au sujet d&rsquo;une bonne production du 7\u00e8me art entre amis. Et sachant que beaucoup d&rsquo;entre vous sont dans mon cas, j&rsquo;ai pens\u00e9 \u00e0 partager mes observations&nbsp;avec le plus grand nombre.<\/p>\n\n\n\n<p><a href=\"https:\/\/fandecine.moscreations.net\" data-type=\"link\" data-id=\"https:\/\/fandecine.moscreations.net\"><strong>Fan de cin\u00e9<\/strong><\/a> est une plateforme sur laquelle je pr\u00e9senterai mes <strong>films<\/strong> et <strong>s\u00e9ries<\/strong> <a href=\"https:\/\/fandecine.moscreations.net\/mes-films-preferes\/\" data-type=\"link\" data-id=\"https:\/\/fandecine.moscreations.net\/mes-films-preferes\/\">pr\u00e9f\u00e9r\u00e9s<\/a>. Pour chacun d&rsquo;en eux, je ferai une <strong>pr\u00e9sentation<\/strong> simple, je donnerai mon humble <strong>avis<\/strong>, une <strong>bande annonce<\/strong> et pour certains des <strong>extraits\u00a0<\/strong>en vid\u00e9o.<\/p>\n\n\n\n<p>Vos <strong>commentaires<\/strong> seront les bienvenus.<\/p>\n\n\n\n<p>N&rsquo;oubliez pas de passer au <strong>sondage<\/strong> en bas de page.<\/p>\n\n\n\n<p>Allez, Ne perdons pas trop de temps! Vous pouvez d\u00e9j\u00e0 consulter\u00a0ma liste de <strong><a href=\"https:\/\/fandecine.moscreations.net\/mes-fims-preferes\/\" data-type=\"link\" data-id=\"https:\/\/fandecine.moscreations.net\/mes-fims-preferes\/\">films pr\u00e9f\u00e9r\u00e9s<\/a><\/strong>\u00a0ou directement aux\u00a0<strong><a href=\"https:\/\/fandecine.moscreations.net\">pr\u00e9sentations existantes<\/a><\/strong>.<\/p>\n\n\n\n<p>&nbsp;A tout de suite !!<\/p>\n","protected":false},"excerpt":{"rendered":"<p>Bonjour \u00e0 tous, Appelez moi \u00ab\u00a0The Moss\u00a0\u00bb, un cin\u00e9phile qui appr\u00e9cie d&rsquo;\u00e9changer au sujet d&rsquo;une bonne production du 7\u00e8me art entre amis. Et sachant que beaucoup d&rsquo;entre vous sont dans mon cas, j&rsquo;ai pens\u00e9 \u00e0 partager mes observations&nbsp;avec le plus grand nombre. Fan de cin\u00e9 est une plateforme sur laquelle je pr\u00e9senterai mes films et&#8230; <\/p>\n<div class=\"link-more\"><a href=\"https:\/\/fandecine.moscreations.net\/index.php\/a-propos\/\">En savoir plus<\/a><\/div>\n","protected":false},"author":1,"featured_media":0,"parent":0,"menu_order":0,"comment_status":"closed","ping_status":"closed","template":"","meta":{"footnotes":""},"class_list":["post-2","page","type-page","status-publish","hentry"],"_links":{"self":[{"href":"https:\/\/fandecine.moscreations.net\/index.php\/wp-json\/wp\/v2\/pages\/2","targetHints":{"allow":["GET"]}}],"collection":[{"href":"https:\/\/fandecine.moscreations.net\/index.php\/wp-json\/wp\/v2\/pages"}],"about":[{"href":"https:\/\/fandecine.moscreations.net\/index.php\/wp-json\/wp\/v2\/types\/page"}],"author":[{"embeddable":true,"href":"https:\/\/fandecine.moscreations.net\/index.php\/wp-json\/wp\/v2\/users\/1"}],"replies":[{"embeddable":true,"href":"https:\/\/fandecine.moscreations.net\/index.php\/wp-json\/wp\/v2\/comments?post=2"}],"version-history":[{"count":4,"href":"https:\/\/fandecine.moscreations.net\/index.php\/wp-json\/wp\/v2\/pages\/2\/revisions"}],"predecessor-version":[{"id":29,"href":"https:\/\/fandecine.moscreations.net\/index.php\/wp-json\/wp\/v2\/pages\/2\/revisions\/29"}],"wp:attachment":[{"href":"https:\/\/fandecine.moscreations.net\/index.php\/wp-json\/wp\/v2\/media?parent=2"}],"curies":[{"name":"wp","href":"https:\/\/api.w.org\/{rel}","templated":true}]}}