{"id":10,"date":"2024-12-15T06:58:30","date_gmt":"2024-12-15T05:58:30","guid":{"rendered":"https:\/\/fandecine.moscreations.net\/?page_id=10"},"modified":"2024-12-15T10:17:16","modified_gmt":"2024-12-15T09:17:16","slug":"mes-films-preferes","status":"publish","type":"page","link":"https:\/\/fandecine.moscreations.net\/index.php\/mes-films-preferes\/","title":{"rendered":"Mes films pr\u00e9f\u00e9r\u00e9s"},"content":{"rendered":"\r\n<p>Commen\u00e7ons par cette petite liste de films. Je ne ferai pas forc\u00e9ment les chose dans l&rsquo;ordre d&rsquo;importance, mais plut\u00f4t dans l&rsquo;ordre de sortie.<\/p>\r\n\r\n\r\n\r\n<figure class=\"wp-block-table\">\r\n<table class=\"has-fixed-layout\">\r\n<tbody>\r\n<tr>\r\n<td><strong>Titre<\/strong><\/td>\r\n<td><strong>Acteurs<\/strong><\/td>\r\n<\/tr>\r\n<tr>\r\n<td>1968 &#8211; <a href=\"https:\/\/fandecine.moscreations.net\/index.php\/2017\/02\/05\/le-bon-la-brute-et-le-truand\/\">Le bon, la brute et le truand (voir l&rsquo;article)<\/a><\/td>\r\n<td>Clint Eastwood, Eli Wallach, Lee Van Cleef<\/td>\r\n<\/tr>\r\n<tr>\r\n<td>1971 &#8211; <a href=\"https:\/\/fandecine.moscreations.net\/index.php\/2016\/12\/18\/big-boss\/\">Big Boss (voir l&rsquo;article)<\/a><\/td>\r\n<td>Bruce Lee<\/td>\r\n<\/tr>\r\n<tr>\r\n<td>1994 &#8211; Pulp Fiction<\/td>\r\n<td>Samuel jackson, John Travolta, &#8230;<\/td>\r\n<\/tr>\r\n<tr>\r\n<td>2002 &#8211; Training day<\/td>\r\n<td>Denzel Washington<\/td>\r\n<\/tr>\r\n<tr>\r\n<td>2008 &#8211; <a href=\"https:\/\/fandecine.moscreations.net\/index.php\/2017\/01\/19\/iron-man\/\">Iron Man (voir l&rsquo;article)<\/a><\/td>\r\n<td>Robert Dooney Jr.<\/td>\r\n<\/tr>\r\n<tr>\r\n<td>2008 &#8211; <a href=\"https:\/\/fandecine.moscreations.net\/index.php\/2016\/12\/31\/furtif\/\">Furtif (voir l&rsquo;article)<\/a><\/td>\r\n<td>Josh Lucas<\/td>\r\n<\/tr>\r\n<tr>\r\n<td>2010 &#8211; <a href=\"https:\/\/fandecine.moscreations.net\/2016\/12\/20\/ip-man\/\">Ip Man (voir l&rsquo;article)<\/a><\/td>\r\n<td>Donnie Yen<\/td>\r\n<\/tr>\r\n<tr>\r\n<td>2010 &#8211; <a href=\"https:\/\/fandecine.moscreations.net\/index.php\/2016\/12\/01\/the-company-men\/\">The company man (voir l&rsquo;article)<\/a><\/td>\r\n<td>Ben Affleck<\/td>\r\n<\/tr>\r\n<tr>\r\n<td>2011 &#8211; <a href=\"https:\/\/fandecine.moscreations.net\/index.php\/2016\/11\/19\/courageous\/\">Courageous (voir l&rsquo;article)<\/a><\/td>\r\n<td>Alex Kendrick<\/td>\r\n<\/tr>\r\n<tr>\r\n<td>2011 &#8211; <a href=\"https:\/\/fandecine.moscreations.net\/index.php\/2016\/11\/17\/soul-surfer\/\">Soul surfer (voir l&rsquo;article)<\/a><\/td>\r\n<td>Anna Sophia Robb<\/td>\r\n<\/tr>\r\n<tr>\r\n<td>2012 &#8211; <a href=\"https:\/\/fandecine.moscreations.net\/index.php\/2016\/11\/14\/flight\/\">Flight (voir l&rsquo;article)<\/a><\/td>\r\n<td>Denzel Washington<\/td>\r\n<\/tr>\r\n<tr>\r\n<td>2012 &#8211; <a href=\"https:\/\/fandecine.moscreations.net\/index.php\/2017\/01\/06\/jack-reicher\/\">Jack Riecher (voir l&rsquo;article)<\/a><\/td>\r\n<td>Tom Cruise<\/td>\r\n<\/tr>\r\n<tr>\r\n<td>2013 &#8211; <a href=\"https:\/\/fandecine.moscreations.net\/2017\/01\/12\/2-guns\/\">2 guns<\/a> (voir l&rsquo;article)<\/td>\r\n<td>Denzel Washington &amp; Mark Wahlberg<\/td>\r\n<\/tr>\r\n<tr>\r\n<td>2013 &#8211; <a href=\"https:\/\/fandecine.moscreations.net\/index.php\/2016\/11\/14\/the-grandmaster\/\">The grandmaster (voir l&rsquo;article)<\/a><\/td>\r\n<td>Tony Leung<\/td>\r\n<\/tr>\r\n<tr>\r\n<td>2013 &#8211; <a href=\"https:\/\/fandecine.moscreations.net\/index.php\/2017\/01\/12\/mission-impossible-rogue-nation\/\">Mission impossible &#8211; Rogue nation (voir l&rsquo;article)<\/a><\/td>\r\n<td>Tom Cruise<\/td>\r\n<\/tr>\r\n<tr>\r\n<td>2015 &#8211; <a href=\"https:\/\/fandecine.moscreations.net\/index.php\/2016\/11\/14\/southpaw\/\">Southpaw (voir l&rsquo;article)<\/a><\/td>\r\n<td>Jake Gyllenhaal<\/td>\r\n<\/tr>\r\n<tr>\r\n<td>2015 &#8211; <a href=\"https:\/\/fandecine.moscreations.net\/index.php\/2016\/12\/18\/the-martian-seul-sur-mars\/\">Seul sur Mars (voir l&rsquo;article)<\/a><\/td>\r\n<td>Matt Damon<\/td>\r\n<\/tr>\r\n<tr>\r\n<td>2016 &#8211; <a href=\"https:\/\/fandecine.moscreations.net\/index.php\/2016\/12\/16\/secret-in-their-eyes-aux-yeux-de-tous\/\">Secret in their eyes<\/a>\u00a0(voir l&rsquo;article)<\/td>\r\n<td>Chiwetel Ejiofor<\/td>\r\n<\/tr>\r\n<tr>\r\n<td>2016 &#8211; <a href=\"https:\/\/fandecine.moscreations.net\/index.php\/2017\/02\/02\/money-monster\/\">Money Monster<\/a> (voir l&rsquo;article)<\/td>\r\n<td>Georges Clooney &amp; Julia Roberts<\/td>\r\n<\/tr>\r\n<tr>\r\n<td>2016 &#8211; <a href=\"https:\/\/fandecine.moscreations.net\/2017\/01\/25\/deepwater-horizon\/\">Deepwater Horizon<\/a>\u00a0(voir l&rsquo;article)<\/td>\r\n<td>Marc Wahlberg<\/td>\r\n<\/tr>\r\n<\/tbody>\r\n<\/table>\r\n<\/figure>\r\n\r\n\r\n\r\n<p>La suite pour plus tard&#8230;<\/p>\r\n","protected":false},"excerpt":{"rendered":"<p>Commen\u00e7ons par cette petite liste de films. Je ne ferai pas forc\u00e9ment les chose dans l&rsquo;ordre d&rsquo;importance, mais plut\u00f4t dans l&rsquo;ordre de sortie. Titre Acteurs 1968 &#8211; Le bon, la brute et le truand (voir l&rsquo;article) Clint Eastwood, Eli Wallach, Lee Van Cleef 1971 &#8211; Big Boss (voir l&rsquo;article) Bruce Lee 1994 &#8211; Pulp Fiction&#8230; <\/p>\n<div class=\"link-more\"><a href=\"https:\/\/fandecine.moscreations.net\/index.php\/mes-films-preferes\/\">En savoir plus<\/a><\/div>\n","protected":false},"author":1,"featured_media":0,"parent":0,"menu_order":0,"comment_status":"closed","ping_status":"closed","template":"","meta":{"footnotes":""},"class_list":["post-10","page","type-page","status-publish","hentry"],"_links":{"self":[{"href":"https:\/\/fandecine.moscreations.net\/index.php\/wp-json\/wp\/v2\/pages\/10","targetHints":{"allow":["GET"]}}],"collection":[{"href":"https:\/\/fandecine.moscreations.net\/index.php\/wp-json\/wp\/v2\/pages"}],"about":[{"href":"https:\/\/fandecine.moscreations.net\/index.php\/wp-json\/wp\/v2\/types\/page"}],"author":[{"embeddable":true,"href":"https:\/\/fandecine.moscreations.net\/index.php\/wp-json\/wp\/v2\/users\/1"}],"replies":[{"embeddable":true,"href":"https:\/\/fandecine.moscreations.net\/index.php\/wp-json\/wp\/v2\/comments?post=10"}],"version-history":[{"count":4,"href":"https:\/\/fandecine.moscreations.net\/index.php\/wp-json\/wp\/v2\/pages\/10\/revisions"}],"predecessor-version":[{"id":194,"href":"https:\/\/fandecine.moscreations.net\/index.php\/wp-json\/wp\/v2\/pages\/10\/revisions\/194"}],"wp:attachment":[{"href":"https:\/\/fandecine.moscreations.net\/index.php\/wp-json\/wp\/v2\/media?parent=10"}],"curies":[{"name":"wp","href":"https:\/\/api.w.org\/{rel}","templated":true}]}}